{"id":133117,"date":"2025-04-01T09:46:44","date_gmt":"2025-04-01T06:46:44","guid":{"rendered":"https:\/\/celiaboutique.gr\/lancaster-alba-double-small-bucket-bag\/"},"modified":"2025-04-01T09:46:44","modified_gmt":"2025-04-01T06:46:44","slug":"lancaster-alba-double-small-bucket-bag","status":"publish","type":"product","link":"https:\/\/celiaboutique.gr\/en\/lancaster-alba-double-small-bucket-bag\/","title":{"rendered":"LANCASTER ALBA DOUBLE SMALL BUCKET BAG"},"content":{"rendered":"<h1 class=\"product__heading h3\">Small bucket bag<\/h1>\n<p>470-80-CAMEL_IN_OR<\/p>\n<ul>\n<li>Material: <span class=\"metafield-single_line_text_field\">Grained finish cowhide leather<\/span><\/li>\n<li>Lining: <span class=\"metafield-single_line_text_field\">Cowhide leather lining<\/span><\/li>\n<li>Finish: <span class=\"metafield-single_line_text_field\">Golden or Silver (depends of the colour)<\/span><\/li>\n<li>Certification: <span class=\"metafield-single_line_text_field\">LWG Gold<\/span><\/li>\n<\/ul>\n","protected":false},"excerpt":{"rendered":"<details open=\"\">\n<summary><span class=\"summary__title\"><span class=\"accordion__title\">Specifications<\/span><\/span><\/summary>\n<div class=\"accordion__content custom__liquid-template--20692540653894__main rte\">\n<ul>\n<li>Shape: <span class=\"metafield-single_line_text_field\">Bucket bag<\/span><\/li>\n<li>Closure type: <span class=\"metafield-single_line_text_field\">Drawstring<\/span><\/li>\n<li>Worn: <span class=\"metafield-single_line_text_field\">Handbag, crossbody wear, shoulder bag<\/span><\/li>\n<li>Handles: <span class=\"metafield-single_line_text_field\">Removable, non-adjustable, simples<\/span><\/li>\n<li>Shoulder strap: <span class=\"metafield-single_line_text_field\">Removable, adjustable<\/span><\/li>\n<li>Pockets: <span class=\"metafield-single_line_text_field\">Poche int\u00e9rieure simple, poche int\u00e9rieure \u00e0 rabat<\/span><\/li>\n<\/ul>\n<\/div>\n<\/details>\n<details open=\"\">\n<summary><span class=\"summary__title\"><span class=\"accordion__title\">Dimensions &amp; weight<\/span><\/span><\/summary>\n<div class=\"accordion__content custom__liquid-template--20692540653894__main rte\">\n<ul>\n<li>Size (L x H x D): <span class=\"metafield-dimension\"><span class=\"metafield-dimension_value\">22 <\/span><\/span>x <span class=\"metafield-dimension\"><span class=\"metafield-dimension_value\">20 <\/span><\/span>x <span class=\"metafield-dimension\"><span class=\"metafield-dimension_value\">14 <\/span><span class=\"metafield-dimension_unit\">cm<\/span><\/span><\/li>\n<li>Weight: 0.69 kg<\/li>\n<\/ul>\n<\/div>\n<\/details>\n","protected":false},"featured_media":132627,"comment_status":"closed","ping_status":"closed","template":"","meta":[],"product_brand":[],"product_cat":[1349,2176,2408],"product_tag":[],"class_list":{"0":"post-133117","1":"product","2":"type-product","3":"status-publish","4":"has-post-thumbnail","6":"product_cat-bags-en","7":"product_cat-new-collection-en","8":"product_cat-shoulder-bag-en","9":"pa_brands-lancaster-en","11":"first","12":"outofstock","13":"shipping-taxable","14":"purchasable","15":"product-type-simple"},"_links":{"self":[{"href":"https:\/\/celiaboutique.gr\/en\/wp-json\/wp\/v2\/product\/133117","targetHints":{"allow":["GET"]}}],"collection":[{"href":"https:\/\/celiaboutique.gr\/en\/wp-json\/wp\/v2\/product"}],"about":[{"href":"https:\/\/celiaboutique.gr\/en\/wp-json\/wp\/v2\/types\/product"}],"replies":[{"embeddable":true,"href":"https:\/\/celiaboutique.gr\/en\/wp-json\/wp\/v2\/comments?post=133117"}],"wp:featuredmedia":[{"embeddable":true,"href":"https:\/\/celiaboutique.gr\/en\/wp-json\/wp\/v2\/media\/132627"}],"wp:attachment":[{"href":"https:\/\/celiaboutique.gr\/en\/wp-json\/wp\/v2\/media?parent=133117"}],"wp:term":[{"taxonomy":"product_brand","embeddable":true,"href":"https:\/\/celiaboutique.gr\/en\/wp-json\/wp\/v2\/product_brand?post=133117"},{"taxonomy":"product_cat","embeddable":true,"href":"https:\/\/celiaboutique.gr\/en\/wp-json\/wp\/v2\/product_cat?post=133117"},{"taxonomy":"product_tag","embeddable":true,"href":"https:\/\/celiaboutique.gr\/en\/wp-json\/wp\/v2\/product_tag?post=133117"}],"curies":[{"name":"wp","href":"https:\/\/api.w.org\/{rel}","templated":true}]}}