{"id":133119,"date":"2025-04-01T10:05:26","date_gmt":"2025-04-01T07:05:26","guid":{"rendered":"https:\/\/celiaboutique.gr\/lancaster-ida-double-medium-handbag\/"},"modified":"2025-04-01T10:05:26","modified_gmt":"2025-04-01T07:05:26","slug":"lancaster-ida-double-medium-handbag","status":"publish","type":"product","link":"https:\/\/celiaboutique.gr\/en\/lancaster-ida-double-medium-handbag\/","title":{"rendered":"LANCASTER IDA DOUBLE MEDIUM HANDBAG"},"content":{"rendered":"<h1 class=\"product__heading h3\">M handbag<\/h1>\n<p>470-84-GRISC_IN_A<\/p>\n<ul>\n<li>Material: <span class=\"metafield-single_line_text_field\">Grained finish cowhide leather<\/span><\/li>\n<li>Lining: <span class=\"metafield-single_line_text_field\">Cowhide leather lining<\/span><\/li>\n<li>Finish: <span class=\"metafield-single_line_text_field\">Shiny golden metal<\/span><\/li>\n<li>Certification: <span class=\"metafield-single_line_text_field\">LWG Gold<\/span><\/li>\n<\/ul>\n","protected":false},"excerpt":{"rendered":"<details open=\"\">\n<summary><span class=\"summary__title\"><span class=\"accordion__title\">Specifications<\/span><\/span><\/summary>\n<div class=\"accordion__content custom__liquid-template--20692540653894__main rte\">\n<ul>\n<li>Shape: <span class=\"metafield-single_line_text_field\">Handbag<\/span><\/li>\n<li>Worn: <span class=\"metafield-single_line_text_field\">Handbag, crossbody wear, shoulder bag<\/span><\/li>\n<li>Handles: <span class=\"metafield-single_line_text_field\">Double, non-adjustable, simples<\/span><\/li>\n<li>Shoulder strap: <span class=\"metafield-single_line_text_field\">Removable, adjustable<\/span><\/li>\n<li>Pockets: <span class=\"metafield-single_line_text_field\">Poche int\u00e9rieure simple, poche int\u00e9rieure zipp\u00e9e<\/span><\/li>\n<\/ul>\n<\/div>\n<\/details>\n<details open=\"\">\n<summary><span class=\"summary__title\"><span class=\"accordion__title\">Dimensions &amp; weight<\/span><\/span><\/summary>\n<div class=\"accordion__content custom__liquid-template--20692540653894__main rte\">\n<ul>\n<li>Size (L x H x D): <span class=\"metafield-dimension\"><span class=\"metafield-dimension_value\">28 <\/span><\/span>x <span class=\"metafield-dimension\"><span class=\"metafield-dimension_value\">20 <\/span><\/span>x <span class=\"metafield-dimension\"><span class=\"metafield-dimension_value\">12 <\/span><span class=\"metafield-dimension_unit\">cm<\/span><\/span><\/li>\n<li>Shoulder strap size (min-max): <span class=\"metafield-dimension\"><span class=\"metafield-dimension_value\">93 <\/span><span class=\"metafield-dimension_unit\">cm<\/span><\/span> &#8211; <span class=\"metafield-dimension\"><span class=\"metafield-dimension_value\">111 <\/span><span class=\"metafield-dimension_unit\">cm<\/span><\/span><\/li>\n<li>Weight: 0.798 kg<\/li>\n<\/ul>\n<\/div>\n<\/details>\n","protected":false},"featured_media":132645,"comment_status":"closed","ping_status":"closed","template":"","meta":[],"product_brand":[],"product_cat":[1349,1358,2408,2444],"product_tag":[],"class_list":{"0":"post-133119","1":"product","2":"type-product","3":"status-publish","4":"has-post-thumbnail","6":"product_cat-bags-en","7":"product_cat-offers-en","8":"product_cat-shoulder-bag-en","9":"product_cat-summer-sales-en","10":"pa_brands-lancaster-en","12":"first","13":"instock","14":"sale","15":"shipping-taxable","16":"purchasable","17":"product-type-simple"},"_links":{"self":[{"href":"https:\/\/celiaboutique.gr\/en\/wp-json\/wp\/v2\/product\/133119","targetHints":{"allow":["GET"]}}],"collection":[{"href":"https:\/\/celiaboutique.gr\/en\/wp-json\/wp\/v2\/product"}],"about":[{"href":"https:\/\/celiaboutique.gr\/en\/wp-json\/wp\/v2\/types\/product"}],"replies":[{"embeddable":true,"href":"https:\/\/celiaboutique.gr\/en\/wp-json\/wp\/v2\/comments?post=133119"}],"wp:featuredmedia":[{"embeddable":true,"href":"https:\/\/celiaboutique.gr\/en\/wp-json\/wp\/v2\/media\/132645"}],"wp:attachment":[{"href":"https:\/\/celiaboutique.gr\/en\/wp-json\/wp\/v2\/media?parent=133119"}],"wp:term":[{"taxonomy":"product_brand","embeddable":true,"href":"https:\/\/celiaboutique.gr\/en\/wp-json\/wp\/v2\/product_brand?post=133119"},{"taxonomy":"product_cat","embeddable":true,"href":"https:\/\/celiaboutique.gr\/en\/wp-json\/wp\/v2\/product_cat?post=133119"},{"taxonomy":"product_tag","embeddable":true,"href":"https:\/\/celiaboutique.gr\/en\/wp-json\/wp\/v2\/product_tag?post=133119"}],"curies":[{"name":"wp","href":"https:\/\/api.w.org\/{rel}","templated":true}]}}