{"id":152860,"date":"2025-11-08T10:49:11","date_gmt":"2025-11-08T08:49:11","guid":{"rendered":"https:\/\/celiaboutique.gr\/lancaster-dune-clutch-bag\/"},"modified":"2026-02-15T11:12:11","modified_gmt":"2026-02-15T09:12:11","slug":"lancaster-dune-clutch-bag","status":"publish","type":"product","link":"https:\/\/celiaboutique.gr\/en\/lancaster-dune-clutch-bag\/","title":{"rendered":"LANCASTER DUNE CLUTCH BAG"},"content":{"rendered":"<p>LANCASTER DUNE CLUTCH BAG<br \/>\n529-90-CAMEL<\/p>\n","protected":false},"excerpt":{"rendered":"<details open=\"\">\n<details open=\"\">\n<details open=\"\">\n<div class=\"accordion__content custom__liquid-template--20692540653894__main rte\">\n<p>This\u00a0clutch is crafted from grained cowhide leather. It features a rear exterior zippered pocket, a simple interior pocket, and a zippered interior pocket. It can be worn over the shoulder or crossbody.<\/p>\n<ul>\n<li>Line: <span class=\"metafield-single_line_text_field\">Dune<\/span><\/li>\n<\/ul>\n<\/div>\n<\/details>\n<details open=\"\">\n<summary><span class=\"summary__title\"><span class=\"accordion__title\">Specifications<\/span><\/span><\/summary>\n<div class=\"accordion__content custom__liquid-template--20692540653894__main rte\">\n<ul>\n<li>Shape: <span class=\"metafield-single_line_text_field\">Clutch<\/span><\/li>\n<li>Closure type: <span class=\"metafield-single_line_text_field\">Zippered<\/span><\/li>\n<li>Worn: <span class=\"metafield-single_line_text_field\">Shoulder bag, crossbody wear<\/span><\/li>\n<li>Shoulder strap: <span class=\"metafield-single_line_text_field\">Adjustable, removable<\/span><\/li>\n<li>Pockets: <span class=\"metafield-single_line_text_field\">Poche arri\u00e8re ext\u00e9rieure zipp\u00e9e, poche int\u00e9rieure simple, poche int\u00e9rieure zipp\u00e9e<\/span><\/li>\n<\/ul>\n<\/div>\n<\/details>\n<details open=\"\">\n<summary><span class=\"summary__title\"><span class=\"accordion__title\">Dimensions &amp; weight<\/span><\/span><\/summary>\n<div class=\"accordion__content custom__liquid-template--20692540653894__main rte\">\n<ul>\n<li>Size (L x H x D): <span class=\"metafield-dimension\"><span class=\"metafield-dimension_value\">22 <\/span><\/span>x <span class=\"metafield-dimension\"><span class=\"metafield-dimension_value\">12.5 <\/span><\/span>x <span class=\"metafield-dimension\"><span class=\"metafield-dimension_value\">5 <\/span><span class=\"metafield-dimension_unit\">cm<\/span><\/span><\/li>\n<li>Shoulder strap size (min-max): <span class=\"metafield-dimension\"><span class=\"metafield-dimension_value\">75 <\/span><span class=\"metafield-dimension_unit\">cm<\/span><\/span> &#8211; <span class=\"metafield-dimension\"><span class=\"metafield-dimension_value\">112 <\/span><span class=\"metafield-dimension_unit\">cm<\/span><\/span><\/li>\n<li>Weight: 0.388 kg<\/li>\n<li>Designed to hold a device up to 7 inches.<\/li>\n<\/ul>\n<\/div>\n<\/details>\n<details open=\"\">\n<summary><span class=\"summary__title\"><span class=\"accordion__title\">Material and care instructions<\/span><\/span><\/summary>\n<div class=\"accordion__content custom__liquid-template--20692540653894__main rte\">\n<ul>\n<li>Material: <span class=\"metafield-single_line_text_field\">Grained finish cowhide leather<\/span><\/li>\n<li>Lining: <span class=\"metafield-single_line_text_field\">Coton<\/span><\/li>\n<li>Finish: <span class=\"metafield-single_line_text_field\">Shiny golden metal<\/span><\/li>\n<li>Certification: <span class=\"metafield-single_line_text_field\">LWG Gold<\/span><\/li>\n<\/ul>\n<\/div>\n<\/details>\n<\/details>\n<\/details>\n","protected":false},"featured_media":152600,"comment_status":"closed","ping_status":"closed","template":"","meta":[],"product_brand":[],"product_cat":[1349,1431],"product_tag":[],"class_list":{"0":"post-152860","1":"product","2":"type-product","3":"status-publish","4":"has-post-thumbnail","6":"product_cat-bags-en","7":"product_cat-clutches-en-2","8":"pa_brands-lancaster-en","10":"first","11":"instock","12":"sale","13":"shipping-taxable","14":"purchasable","15":"product-type-simple"},"_links":{"self":[{"href":"https:\/\/celiaboutique.gr\/en\/wp-json\/wp\/v2\/product\/152860","targetHints":{"allow":["GET"]}}],"collection":[{"href":"https:\/\/celiaboutique.gr\/en\/wp-json\/wp\/v2\/product"}],"about":[{"href":"https:\/\/celiaboutique.gr\/en\/wp-json\/wp\/v2\/types\/product"}],"replies":[{"embeddable":true,"href":"https:\/\/celiaboutique.gr\/en\/wp-json\/wp\/v2\/comments?post=152860"}],"wp:featuredmedia":[{"embeddable":true,"href":"https:\/\/celiaboutique.gr\/en\/wp-json\/wp\/v2\/media\/152600"}],"wp:attachment":[{"href":"https:\/\/celiaboutique.gr\/en\/wp-json\/wp\/v2\/media?parent=152860"}],"wp:term":[{"taxonomy":"product_brand","embeddable":true,"href":"https:\/\/celiaboutique.gr\/en\/wp-json\/wp\/v2\/product_brand?post=152860"},{"taxonomy":"product_cat","embeddable":true,"href":"https:\/\/celiaboutique.gr\/en\/wp-json\/wp\/v2\/product_cat?post=152860"},{"taxonomy":"product_tag","embeddable":true,"href":"https:\/\/celiaboutique.gr\/en\/wp-json\/wp\/v2\/product_tag?post=152860"}],"curies":[{"name":"wp","href":"https:\/\/api.w.org\/{rel}","templated":true}]}}