{"id":152870,"date":"2025-11-08T09:39:32","date_gmt":"2025-11-08T07:39:32","guid":{"rendered":"https:\/\/celiaboutique.gr\/lancaster-alba-small-bucket-bag-2\/"},"modified":"2026-02-15T11:15:12","modified_gmt":"2026-02-15T09:15:12","slug":"lancaster-alba-small-bucket-bag-2","status":"publish","type":"product","link":"https:\/\/celiaboutique.gr\/en\/lancaster-alba-small-bucket-bag-2\/","title":{"rendered":"LANCASTER ALBA SMALL BUCKET BAG"},"content":{"rendered":"<p>LANCASTER ALBA SMALL BUCKET BAG<\/p>\n<p>470-80-CAMEL_IN_OR<\/p>\n","protected":false},"excerpt":{"rendered":"<details open=\"\">\n<details open=\"\">\n<details open=\"\">\n<div class=\"accordion__content custom__liquid-template--20692540653894__main rte\">\n<p>This small bucket bag is crafted from grained cowhide leather. It features a large main compartment, an interior pocket with a flap, and a simple interior pocket. It can be worn over the shoulder or crossbody.<\/p>\n<ul>\n<li>Line: <span class=\"metafield-single_line_text_field\">Alba Double<\/span><\/li>\n<\/ul>\n<\/div>\n<\/details>\n<details open=\"\">\n<summary><span class=\"summary__title\"><span class=\"accordion__title\">Specifications<\/span><\/span><\/summary>\n<div class=\"accordion__content custom__liquid-template--20692540653894__main rte\">\n<ul>\n<li>Shape: <span class=\"metafield-single_line_text_field\">Bucket bag<\/span><\/li>\n<li>Closure type: <span class=\"metafield-single_line_text_field\">Drawstring<\/span><\/li>\n<li>Worn: <span class=\"metafield-single_line_text_field\">Crossbody wear, shoulder bag, handbag<\/span><\/li>\n<li>Handles: <span class=\"metafield-single_line_text_field\">Removable, non-adjustable, simples<\/span><\/li>\n<li>Shoulder strap: <span class=\"metafield-single_line_text_field\">Removable, adjustable<\/span><\/li>\n<li>Pockets: <span class=\"metafield-single_line_text_field\">Poche int\u00e9rieure simple, poche int\u00e9rieure \u00e0 rabat<\/span><\/li>\n<\/ul>\n<\/div>\n<\/details>\n<details open=\"\">\n<summary><span class=\"summary__title\"><span class=\"accordion__title\">Dimensions &amp; weight<\/span><\/span><\/summary>\n<div class=\"accordion__content custom__liquid-template--20692540653894__main rte\">\n<ul>\n<li>Size (L x H x D): <span class=\"metafield-dimension\"><span class=\"metafield-dimension_value\">22 <\/span><\/span>x <span class=\"metafield-dimension\"><span class=\"metafield-dimension_value\">20 <\/span><\/span>x <span class=\"metafield-dimension\"><span class=\"metafield-dimension_value\">14 <\/span><span class=\"metafield-dimension_unit\">cm<\/span><\/span><\/li>\n<li>Weight: 0.69 kg<\/li>\n<li>Designed to hold a device up to 7 inches.<\/li>\n<\/ul>\n<\/div>\n<\/details>\n<details open=\"\">\n<summary><span class=\"summary__title\"><span class=\"accordion__title\">Material and care instructions<\/span><\/span><\/summary>\n<div class=\"accordion__content custom__liquid-template--20692540653894__main rte\">\n<ul>\n<li>Material: <span class=\"metafield-single_line_text_field\">Grained finish cowhide leather<\/span><\/li>\n<li>Lining: <span class=\"metafield-single_line_text_field\">Cowhide leather lining<\/span><\/li>\n<li>Finish: <span class=\"metafield-single_line_text_field\">Golden or Silver (depends of the colour)<\/span><\/li>\n<li>Certification: <span class=\"metafield-single_line_text_field\">LWG Gold<\/span><\/li>\n<\/ul>\n<\/div>\n<\/details>\n<\/details>\n<\/details>\n","protected":false},"featured_media":152498,"comment_status":"closed","ping_status":"closed","template":"","meta":[],"product_brand":[],"product_cat":[1349,1362],"product_tag":[],"class_list":{"0":"post-152870","1":"product","2":"type-product","3":"status-publish","4":"has-post-thumbnail","6":"product_cat-bags-en","7":"product_cat-cross-body-messenger-bags-en-2","8":"pa_brands-lancaster-en","10":"first","11":"instock","12":"sale","13":"shipping-taxable","14":"purchasable","15":"product-type-simple"},"_links":{"self":[{"href":"https:\/\/celiaboutique.gr\/en\/wp-json\/wp\/v2\/product\/152870","targetHints":{"allow":["GET"]}}],"collection":[{"href":"https:\/\/celiaboutique.gr\/en\/wp-json\/wp\/v2\/product"}],"about":[{"href":"https:\/\/celiaboutique.gr\/en\/wp-json\/wp\/v2\/types\/product"}],"replies":[{"embeddable":true,"href":"https:\/\/celiaboutique.gr\/en\/wp-json\/wp\/v2\/comments?post=152870"}],"wp:featuredmedia":[{"embeddable":true,"href":"https:\/\/celiaboutique.gr\/en\/wp-json\/wp\/v2\/media\/152498"}],"wp:attachment":[{"href":"https:\/\/celiaboutique.gr\/en\/wp-json\/wp\/v2\/media?parent=152870"}],"wp:term":[{"taxonomy":"product_brand","embeddable":true,"href":"https:\/\/celiaboutique.gr\/en\/wp-json\/wp\/v2\/product_brand?post=152870"},{"taxonomy":"product_cat","embeddable":true,"href":"https:\/\/celiaboutique.gr\/en\/wp-json\/wp\/v2\/product_cat?post=152870"},{"taxonomy":"product_tag","embeddable":true,"href":"https:\/\/celiaboutique.gr\/en\/wp-json\/wp\/v2\/product_tag?post=152870"}],"curies":[{"name":"wp","href":"https:\/\/api.w.org\/{rel}","templated":true}]}}