{"id":152875,"date":"2025-11-07T11:15:45","date_gmt":"2025-11-07T09:15:45","guid":{"rendered":"https:\/\/celiaboutique.gr\/lancaster-ida-double-m-handbag-2\/"},"modified":"2026-01-16T10:58:56","modified_gmt":"2026-01-16T08:58:56","slug":"lancaster-ida-double-m-handbag-2","status":"publish","type":"product","link":"https:\/\/celiaboutique.gr\/en\/lancaster-ida-double-m-handbag-2\/","title":{"rendered":"LANCASTER IDA DOUBLE M HANDBAG"},"content":{"rendered":"<p>LANCASTER IDA DOUBLE M HANDBAG<br \/>\n470-84-BORDEAU_CH<\/p>\n","protected":false},"excerpt":{"rendered":"<details open=\"\">\n<details open=\"\">\n<details open=\"\">\n<div class=\"accordion__content custom__liquid-template--20692540653894__main rte\">\n<p>This handbag is crafted from grained cowhide leather. It features two simple interior pockets that close with a magnet, a large zippered compartment, as well as a simple interior pocket and a zippered pocket. It can be carried by hand, over the shoulder, or crossbody.<\/p>\n<ul>\n<li>Line: <span class=\"metafield-single_line_text_field\">Ida Double<\/span><\/li>\n<\/ul>\n<\/div>\n<\/details>\n<details open=\"\">\n<summary><span class=\"summary__title\"><span class=\"accordion__title\">Specifications<\/span><\/span><\/summary>\n<div class=\"accordion__content custom__liquid-template--20692540653894__main rte\">\n<ul>\n<li>Shape: <span class=\"metafield-single_line_text_field\">Handbag<\/span><\/li>\n<li>Closure type: <span class=\"metafield-single_line_text_field\">Magnetic snap<\/span><\/li>\n<li>Worn: <span class=\"metafield-single_line_text_field\">Handbag, crossbody wear, shoulder bag<\/span><\/li>\n<li>Handles: <span class=\"metafield-single_line_text_field\">Double, non-adjustable, simples<\/span><\/li>\n<li>Shoulder strap: <span class=\"metafield-single_line_text_field\">Removable, adjustable<\/span><\/li>\n<li>Pockets: <span class=\"metafield-single_line_text_field\">Poche int\u00e9rieure simple, poche int\u00e9rieure zipp\u00e9e<\/span><\/li>\n<\/ul>\n<\/div>\n<\/details>\n<details open=\"\">\n<summary><span class=\"summary__title\"><span class=\"accordion__title\">Dimensions &amp; weight<\/span><\/span><\/summary>\n<div class=\"accordion__content custom__liquid-template--20692540653894__main rte\">\n<ul>\n<li>Size (L x H x D): <span class=\"metafield-dimension\"><span class=\"metafield-dimension_value\">28 <\/span><\/span>x <span class=\"metafield-dimension\"><span class=\"metafield-dimension_value\">20 <\/span><\/span>x <span class=\"metafield-dimension\"><span class=\"metafield-dimension_value\">12 <\/span><span class=\"metafield-dimension_unit\">cm<\/span><\/span><\/li>\n<li>Shoulder strap size (min-max): <span class=\"metafield-dimension\"><span class=\"metafield-dimension_value\">93 <\/span><span class=\"metafield-dimension_unit\">cm<\/span><\/span> &#8211; <span class=\"metafield-dimension\"><span class=\"metafield-dimension_value\">111 <\/span><span class=\"metafield-dimension_unit\">cm<\/span><\/span><\/li>\n<li>Weight: 0.798 kg<\/li>\n<li>Designed to hold a device up to 10 inches.<\/li>\n<\/ul>\n<\/div>\n<\/details>\n<details open=\"\">\n<summary><span class=\"summary__title\"><span class=\"accordion__title\">Material and care instructions<\/span><\/span><\/summary>\n<div class=\"accordion__content custom__liquid-template--20692540653894__main rte\">\n<ul>\n<li>Material: <span class=\"metafield-single_line_text_field\">Grained finish cowhide leather<\/span><\/li>\n<li>Lining: <span class=\"metafield-single_line_text_field\">Cowhide leather lining<\/span><\/li>\n<li>Finish: <span class=\"metafield-single_line_text_field\">Shiny golden metal<\/span><\/li>\n<li>Certification: <span class=\"metafield-single_line_text_field\">LWG Gold<\/span><\/li>\n<\/ul>\n<\/div>\n<\/details>\n<\/details>\n<\/details>\n","protected":false},"featured_media":152439,"comment_status":"closed","ping_status":"closed","template":"","meta":[],"product_brand":[],"product_cat":[2176,1349,1369],"product_tag":[],"class_list":{"0":"post-152875","1":"product","2":"type-product","3":"status-publish","4":"has-post-thumbnail","6":"product_cat-new-collection-en","7":"product_cat-bags-en","8":"product_cat-tote-bags-en-2","9":"pa_brands-lancaster-en","11":"first","12":"instock","13":"sale","14":"shipping-taxable","15":"purchasable","16":"product-type-simple"},"_links":{"self":[{"href":"https:\/\/celiaboutique.gr\/en\/wp-json\/wp\/v2\/product\/152875","targetHints":{"allow":["GET"]}}],"collection":[{"href":"https:\/\/celiaboutique.gr\/en\/wp-json\/wp\/v2\/product"}],"about":[{"href":"https:\/\/celiaboutique.gr\/en\/wp-json\/wp\/v2\/types\/product"}],"replies":[{"embeddable":true,"href":"https:\/\/celiaboutique.gr\/en\/wp-json\/wp\/v2\/comments?post=152875"}],"wp:featuredmedia":[{"embeddable":true,"href":"https:\/\/celiaboutique.gr\/en\/wp-json\/wp\/v2\/media\/152439"}],"wp:attachment":[{"href":"https:\/\/celiaboutique.gr\/en\/wp-json\/wp\/v2\/media?parent=152875"}],"wp:term":[{"taxonomy":"product_brand","embeddable":true,"href":"https:\/\/celiaboutique.gr\/en\/wp-json\/wp\/v2\/product_brand?post=152875"},{"taxonomy":"product_cat","embeddable":true,"href":"https:\/\/celiaboutique.gr\/en\/wp-json\/wp\/v2\/product_cat?post=152875"},{"taxonomy":"product_tag","embeddable":true,"href":"https:\/\/celiaboutique.gr\/en\/wp-json\/wp\/v2\/product_tag?post=152875"}],"curies":[{"name":"wp","href":"https:\/\/api.w.org\/{rel}","templated":true}]}}